{"id":1072,"date":"2026-01-23T21:19:51","date_gmt":"2026-01-23T20:19:51","guid":{"rendered":"https:\/\/www.carnivorgrill.de\/?page_id=1072"},"modified":"2026-01-26T18:42:42","modified_gmt":"2026-01-26T17:42:42","slug":"fuer-unternehmen","status":"publish","type":"page","link":"https:\/\/www.carnivorgrill.de\/?page_id=1072","title":{"rendered":"F\u00fcr Unternehmen"},"content":{"rendered":"\n<p><strong>ICH MACHE DEINEN CONTENT.<\/strong> <strong>DU MACHST DEIN<\/strong> <strong>GESCH\u00c4FT.<\/strong><\/p>\n\n\n\n<p>Ich produziere <strong>White-Label-Content<\/strong> f\u00fcr Unternehmen aus dem Food-, BBQ- und Lifestyle-Bereich. Die Inhalte entstehen exklusiv f\u00fcr die jeweiligen Marken und k\u00f6nnen flexibel f\u00fcr Social Media, Website, Vertrieb oder interne Zwecke genutzt werden.<\/p>\n\n\n\n<p>Leistungen:<\/p>\n\n\n\n<p>\u2022 Produkt- &amp; Rezeptvideos mit Fokus auf Anwendung<\/p>\n\n\n\n<p>\u2022 Hochwertige Food-Fotografie im Hoch- und Querformat<\/p>\n\n\n\n<p>\u2022 Professioneller Schnitt, Farbkorrektur &amp; lizenzierte Musik<\/p>\n\n\n\n<p>\u2022 <strong>Keine Stockbilder oder Vorlagen<\/strong> \u2013 ausschlie\u00dflich individueller Content<\/p>\n\n\n\n<p>\u2022 Komplette <strong>Social-Media-Betreuung<\/strong> inklusive Planung &amp; Umsetzung<\/p>\n\n\n\n<p>Durch <strong>planbare Content-Tage<\/strong> lassen sich effizient mehrere Wochen oder Monate Content produzieren \u2013 mit minimalem Zeitaufwand f\u00fcr das Unternehmen und gleichbleibend hoher Qualit\u00e4t.<\/p>\n\n\n\n<p>Social Media &amp; Lifestyle<\/p>\n\n\n\n<p><strong>Warum Social Media heute entscheidend ist<\/strong><\/p>\n\n\n\n<p>Social Media ist einer der wichtigsten Kan\u00e4le f\u00fcr Markenaufbau, Sichtbarkeit und Kaufentscheidungen. Besonders im Lifestyle-, Food- und BBQ-Bereich entscheiden Emotion, Bildsprache und Authentizit\u00e4t \u00fcber Erfolg oder Misserfolg.<\/p>\n\n\n\n<p>Echter Content aus realen Situationen funktioniert nachweislich besser als generische Werbeinhalte. Genau hier setze ich an: Produkte werden nicht beworben, sondern gezeigt, genutzt und erkl\u00e4rt \u2013 in einem Umfeld, das zur Marke passt und Vertrauen schafft.<\/p>\n\n\n\n<div class=\"wp-block-group is-nowrap is-layout-flex wp-container-core-group-is-layout-ad2f72ca wp-block-group-is-layout-flex\">\n<p>So entstehen Inhalte, die nicht nur Reichweite generieren, sondern langfristig Markenbindung aufbauen.<\/p>\n<\/div>\n\n\n<div class=\"wp-block-image\">\n<figure class=\"alignleft size-large is-resized\"><img loading=\"lazy\" decoding=\"async\" width=\"576\" height=\"1024\" src=\"https:\/\/www.carnivorgrill.de\/wp-content\/uploads\/2026\/01\/Social-Media-Auftritt-576x1024.jpg\" alt=\"\" class=\"wp-image-1090\" style=\"aspect-ratio:0.5625069534581866;width:324px;height:auto\" srcset=\"https:\/\/www.carnivorgrill.de\/wp-content\/uploads\/2026\/01\/Social-Media-Auftritt-576x1024.jpg 576w, https:\/\/www.carnivorgrill.de\/wp-content\/uploads\/2026\/01\/Social-Media-Auftritt-169x300.jpg 169w, https:\/\/www.carnivorgrill.de\/wp-content\/uploads\/2026\/01\/Social-Media-Auftritt-768x1365.jpg 768w, https:\/\/www.carnivorgrill.de\/wp-content\/uploads\/2026\/01\/Social-Media-Auftritt-864x1536.jpg 864w, https:\/\/www.carnivorgrill.de\/wp-content\/uploads\/2026\/01\/Social-Media-Auftritt-350x622.jpg 350w, https:\/\/www.carnivorgrill.de\/wp-content\/uploads\/2026\/01\/Social-Media-Auftritt.jpg 900w\" sizes=\"auto, (max-width: 576px) 100vw, 576px\" \/><\/figure>\n<\/div>","protected":false},"excerpt":{"rendered":"<p>ICH MACHE DEINEN CONTENT. DU MACHST DEIN GESCH\u00c4FT. Ich produziere White-Label-Content f\u00fcr Unternehmen aus dem Food-, BBQ- und Lifestyle-Bereich. Die Inhalte entstehen exklusiv f\u00fcr die jeweiligen Marken und k\u00f6nnen flexibel f\u00fcr Social Media, Website, Vertrieb oder interne Zwecke genutzt werden. Leistungen: \u2022 Produkt- &amp; Rezeptvideos mit Fokus auf Anwendung \u2022 Hochwertige Food-Fotografie im Hoch- und &hellip; <\/p>\n<p class=\"link-more\"><a href=\"https:\/\/www.carnivorgrill.de\/?page_id=1072\" class=\"more-link\"><span class=\"screen-reader-text\">\u201eF\u00fcr Unternehmen\u201c <\/span>weiterlesen<\/a><\/p>\n","protected":false},"author":1,"featured_media":0,"parent":0,"menu_order":0,"comment_status":"closed","ping_status":"closed","template":"","meta":{"footnotes":""},"class_list":["post-1072","page","type-page","status-publish","hentry"],"_links":{"self":[{"href":"https:\/\/www.carnivorgrill.de\/index.php?rest_route=\/wp\/v2\/pages\/1072","targetHints":{"allow":["GET"]}}],"collection":[{"href":"https:\/\/www.carnivorgrill.de\/index.php?rest_route=\/wp\/v2\/pages"}],"about":[{"href":"https:\/\/www.carnivorgrill.de\/index.php?rest_route=\/wp\/v2\/types\/page"}],"author":[{"embeddable":true,"href":"https:\/\/www.carnivorgrill.de\/index.php?rest_route=\/wp\/v2\/users\/1"}],"replies":[{"embeddable":true,"href":"https:\/\/www.carnivorgrill.de\/index.php?rest_route=%2Fwp%2Fv2%2Fcomments&post=1072"}],"version-history":[{"count":4,"href":"https:\/\/www.carnivorgrill.de\/index.php?rest_route=\/wp\/v2\/pages\/1072\/revisions"}],"predecessor-version":[{"id":1104,"href":"https:\/\/www.carnivorgrill.de\/index.php?rest_route=\/wp\/v2\/pages\/1072\/revisions\/1104"}],"wp:attachment":[{"href":"https:\/\/www.carnivorgrill.de\/index.php?rest_route=%2Fwp%2Fv2%2Fmedia&parent=1072"}],"curies":[{"name":"wp","href":"https:\/\/api.w.org\/{rel}","templated":true}]}}