{"id":686,"date":"2020-01-23T22:33:54","date_gmt":"2020-01-23T21:33:54","guid":{"rendered":"https:\/\/www.carnivorgrill.de\/?page_id=686"},"modified":"2022-06-05T22:35:30","modified_gmt":"2022-06-05T20:35:30","slug":"impressionen","status":"publish","type":"page","link":"https:\/\/www.carnivorgrill.de\/?page_id=686","title":{"rendered":"Impressum"},"content":{"rendered":"\n<pre class=\"wp-block-code\"><code>Diensteanbieter\n\nCarnivorgrill\n\nLimesstr. 17 b\n\n61381 Friedrichsdorf\n\nDeutschland\n\nKontaktm\u00f6glichkeiten\n\nE-Mail-Adresse:\ncarnivorgrill@gmail.com\n\nTelefon:\n004917680509070\n\nAudiovisuelle Mediendienste\n\nSitzland: Deutschland\n\nZust\u00e4ndige Regulierungs-, bzw. Aufsichtsbeh\u00f6rde: Hessische Landesanstalt f\u00fcr privaten Rundfunk und neue Medien (LPR Hessen), https:\/\/www.lpr-hessen.de\/\n\nAngaben zum Unternehmen\n\nSocial Media und andere Onlinepr\u00e4senzen\n\nHaftungs- und Schutzrechtshinweise\n\nUrheberrechte und Markenrechte: Alle auf dieser Website dargestellten Inhalte, wie Texte, Fotografien, Grafiken, Marken und Warenzeichen sind durch die jeweiligen Schutzrechte (Urheberrechte, Markenrechte) gesch\u00fctzt. Die Verwendung, Vervielf\u00e4ltigung usw. unterliegen unseren Rechten oder den Rechten der jeweiligen Urheber bzw. Rechteinhaber.\n\nErstellt mit kostenlosem Datenschutz-Generator.de von Dr. Thomas Schwenke\n<\/code><\/pre>\n","protected":false},"excerpt":{"rendered":"","protected":false},"author":1,"featured_media":0,"parent":0,"menu_order":0,"comment_status":"closed","ping_status":"closed","template":"","meta":{"footnotes":""},"class_list":["post-686","page","type-page","status-publish","hentry"],"_links":{"self":[{"href":"https:\/\/www.carnivorgrill.de\/index.php?rest_route=\/wp\/v2\/pages\/686","targetHints":{"allow":["GET"]}}],"collection":[{"href":"https:\/\/www.carnivorgrill.de\/index.php?rest_route=\/wp\/v2\/pages"}],"about":[{"href":"https:\/\/www.carnivorgrill.de\/index.php?rest_route=\/wp\/v2\/types\/page"}],"author":[{"embeddable":true,"href":"https:\/\/www.carnivorgrill.de\/index.php?rest_route=\/wp\/v2\/users\/1"}],"replies":[{"embeddable":true,"href":"https:\/\/www.carnivorgrill.de\/index.php?rest_route=%2Fwp%2Fv2%2Fcomments&post=686"}],"version-history":[{"count":4,"href":"https:\/\/www.carnivorgrill.de\/index.php?rest_route=\/wp\/v2\/pages\/686\/revisions"}],"predecessor-version":[{"id":945,"href":"https:\/\/www.carnivorgrill.de\/index.php?rest_route=\/wp\/v2\/pages\/686\/revisions\/945"}],"wp:attachment":[{"href":"https:\/\/www.carnivorgrill.de\/index.php?rest_route=%2Fwp%2Fv2%2Fmedia&parent=686"}],"curies":[{"name":"wp","href":"https:\/\/api.w.org\/{rel}","templated":true}]}}